{"id":140,"date":"2025-06-07T19:19:04","date_gmt":"2025-06-07T17:19:04","guid":{"rendered":"http:\/\/reboosh.cluster100.hosting.ovh.net\/index.php\/contact\/"},"modified":"2026-03-13T15:24:06","modified_gmt":"2026-03-13T14:24:06","slug":"contact","status":"publish","type":"page","link":"https:\/\/reboosthuman.fr\/index.php\/contact\/","title":{"rendered":"Contact"},"content":{"rendered":"<style>.kb-row-layout-id140_18860d-5f > .kt-row-column-wrap{align-content:start;}:where(.kb-row-layout-id140_18860d-5f > .kt-row-column-wrap) > .wp-block-kadence-column{justify-content:start;}.kb-row-layout-id140_18860d-5f > .kt-row-column-wrap{column-gap:var(--global-kb-gap-md, 2rem);row-gap:var(--global-kb-gap-none, 0rem );max-width:var( --global-content-width, 1475px );padding-left:var(--global-content-edge-padding);padding-right:var(--global-content-edge-padding);padding-top:220px;padding-bottom:80px;grid-template-columns:minmax(0, 1fr);}.kb-row-layout-id140_18860d-5f > .kt-row-layout-overlay{opacity:0.30;}.kb-row-layout-id140_18860d-5f{z-index:1475;position:relative;}.kb-row-layout-id140_18860d-5f .kt-row-layout-bottom-sep{height:100px;}.kb-row-layout-id140_18860d-5f .kt-row-layout-bottom-sep svg{width:100%;}.kb-row-layout-id140_18860d-5f .kt-row-layout-bottom-sep svg{fill:#ffffff!important;}@media all and (max-width: 1024px){.kb-row-layout-id140_18860d-5f > .kt-row-column-wrap{grid-template-columns:minmax(0, 1fr);}}@media all and (max-width: 1024px){.kb-row-layout-id140_18860d-5f .kt-row-layout-bottom-sep{height:px;}}@media all and (max-width: 1024px){.kb-row-layout-id140_18860d-5f .kt-row-layout-bottom-sep svg{width:%;}}@media all and (max-width: 767px){.kb-row-layout-id140_18860d-5f > .kt-row-column-wrap{grid-template-columns:minmax(0, 1fr);}.kb-row-layout-id140_18860d-5f .kt-row-layout-bottom-sep{height:px;}.kb-row-layout-id140_18860d-5f .kt-row-layout-bottom-sep svg{width:%;}}.kb-row-layout-id140_18860d-5f {z-index: 10;}<\/style><div class=\"kb-row-layout-wrap kb-row-layout-id140_18860d-5f alignfull has-theme-palette7-background-color kt-row-has-bg wp-block-kadence-rowlayout\"><div class=\"kt-row-column-wrap kt-has-1-columns kt-row-layout-equal kt-tab-layout-inherit kt-mobile-layout-row kt-row-valign-top kb-theme-content-width\">\n<style>.kadence-column140_7f0771-43 > .kt-inside-inner-col,.kadence-column140_7f0771-43 > .kt-inside-inner-col:before{border-top-left-radius:0px;border-top-right-radius:0px;border-bottom-right-radius:0px;border-bottom-left-radius:0px;}.kadence-column140_7f0771-43 > .kt-inside-inner-col{column-gap:var(--global-kb-gap-sm, 1rem);}.kadence-column140_7f0771-43 > .kt-inside-inner-col{flex-direction:column;}.kadence-column140_7f0771-43 > .kt-inside-inner-col > .aligncenter{width:100%;}.kadence-column140_7f0771-43 > .kt-inside-inner-col:before{opacity:0.3;}.kadence-column140_7f0771-43{position:relative;}@media all and (max-width: 1024px){.kadence-column140_7f0771-43 > .kt-inside-inner-col{flex-direction:column;justify-content:center;}}@media all and (max-width: 767px){.kadence-column140_7f0771-43 > .kt-inside-inner-col{flex-direction:column;justify-content:center;}}<\/style>\n<div class=\"wp-block-kadence-column kadence-column140_7f0771-43 inner-column-1\"><div class=\"kt-inside-inner-col\"><style>.wp-block-kadence-advancedheading.kt-adv-heading140_50659e-db, .wp-block-kadence-advancedheading.kt-adv-heading140_50659e-db[data-kb-block=\"kb-adv-heading140_50659e-db\"]{margin-top:0px;margin-bottom:var(--global-kb-spacing-md, 2rem);text-align:center;font-size:var(--global-kb-font-size-md, 1.25rem);line-height:1.3;font-style:normal;}.wp-block-kadence-advancedheading.kt-adv-heading140_50659e-db mark.kt-highlight, .wp-block-kadence-advancedheading.kt-adv-heading140_50659e-db[data-kb-block=\"kb-adv-heading140_50659e-db\"] mark.kt-highlight{font-style:normal;color:#f76a0c;-webkit-box-decoration-break:clone;box-decoration-break:clone;padding-top:0px;padding-right:0px;padding-bottom:0px;padding-left:0px;}.wp-block-kadence-advancedheading.kt-adv-heading140_50659e-db img.kb-inline-image, .wp-block-kadence-advancedheading.kt-adv-heading140_50659e-db[data-kb-block=\"kb-adv-heading140_50659e-db\"] img.kb-inline-image{width:150px;vertical-align:baseline;}@media all and (max-width: 1024px){.wp-block-kadence-advancedheading.kt-adv-heading140_50659e-db, .wp-block-kadence-advancedheading.kt-adv-heading140_50659e-db[data-kb-block=\"kb-adv-heading140_50659e-db\"]{font-size:var(--global-kb-font-size-md, 1.25rem);line-height:1.3;}}@media all and (max-width: 767px){.wp-block-kadence-advancedheading.kt-adv-heading140_50659e-db, .wp-block-kadence-advancedheading.kt-adv-heading140_50659e-db[data-kb-block=\"kb-adv-heading140_50659e-db\"]{font-size:var(--global-kb-font-size-md, 1.25rem);line-height:1.3;}}<\/style>\n<p class=\"kt-adv-heading140_50659e-db wp-block-kadence-advancedheading has-theme-palette-3-color has-text-color\" data-kb-block=\"kb-adv-heading140_50659e-db\">Reboost Human hypnose et bien-\u00eatre<\/p>\n\n\n<style>.wp-block-kadence-advancedheading.kt-adv-heading140_e4298e-23, .wp-block-kadence-advancedheading.kt-adv-heading140_e4298e-23[data-kb-block=\"kb-adv-heading140_e4298e-23\"]{max-width:960px;margin-right:auto;margin-left:auto;margin-top:0em;margin-bottom:var(--global-kb-spacing-5xl, 10rem);text-align:center;font-size:var(--global-kb-font-size-xl, 3rem);line-height:1.3;font-style:normal;}.wp-block-kadence-advancedheading.kt-adv-heading140_e4298e-23 mark.kt-highlight, .wp-block-kadence-advancedheading.kt-adv-heading140_e4298e-23[data-kb-block=\"kb-adv-heading140_e4298e-23\"] mark.kt-highlight{font-style:normal;color:#f76a0c;-webkit-box-decoration-break:clone;box-decoration-break:clone;padding-top:0px;padding-right:0px;padding-bottom:0px;padding-left:0px;}.wp-block-kadence-advancedheading.kt-adv-heading140_e4298e-23 img.kb-inline-image, .wp-block-kadence-advancedheading.kt-adv-heading140_e4298e-23[data-kb-block=\"kb-adv-heading140_e4298e-23\"] img.kb-inline-image{width:150px;vertical-align:baseline;}@media all and (max-width: 1024px){.wp-block-kadence-advancedheading.kt-adv-heading140_e4298e-23, .wp-block-kadence-advancedheading.kt-adv-heading140_e4298e-23[data-kb-block=\"kb-adv-heading140_e4298e-23\"]{font-size:var(--global-kb-font-size-xl, 3rem);line-height:1.3;}}@media all and (max-width: 767px){.wp-block-kadence-advancedheading.kt-adv-heading140_e4298e-23, .wp-block-kadence-advancedheading.kt-adv-heading140_e4298e-23[data-kb-block=\"kb-adv-heading140_e4298e-23\"]{font-size:var(--global-kb-font-size-xl, 3rem);line-height:1.3;}}<\/style>\n<h2 class=\"kt-adv-heading140_e4298e-23 wp-block-kadence-advancedheading has-theme-palette-3-color has-text-color\" data-kb-block=\"kb-adv-heading140_e4298e-23\">Une pr\u00e9sence en cabinet \u00e0 Seloncourt &#8211; Secteur Montb\u00e9liard et en ligne.<\/h2>\n\n\n<style>.wp-block-kadence-advancedheading.kt-adv-heading140_7277a7-a6, .wp-block-kadence-advancedheading.kt-adv-heading140_7277a7-a6[data-kb-block=\"kb-adv-heading140_7277a7-a6\"]{display:block;text-align:center;font-size:var(--global-kb-font-size-lg, 2rem);line-height:1.4;font-style:normal;}.wp-block-kadence-advancedheading.kt-adv-heading140_7277a7-a6 mark.kt-highlight, .wp-block-kadence-advancedheading.kt-adv-heading140_7277a7-a6[data-kb-block=\"kb-adv-heading140_7277a7-a6\"] mark.kt-highlight{font-style:normal;color:#f76a0c;-webkit-box-decoration-break:clone;box-decoration-break:clone;padding-top:0px;padding-right:0px;padding-bottom:0px;padding-left:0px;}.wp-block-kadence-advancedheading.kt-adv-heading140_7277a7-a6 img.kb-inline-image, .wp-block-kadence-advancedheading.kt-adv-heading140_7277a7-a6[data-kb-block=\"kb-adv-heading140_7277a7-a6\"] img.kb-inline-image{width:150px;vertical-align:baseline;}@media all and (max-width: 1024px){.wp-block-kadence-advancedheading.kt-adv-heading140_7277a7-a6, .wp-block-kadence-advancedheading.kt-adv-heading140_7277a7-a6[data-kb-block=\"kb-adv-heading140_7277a7-a6\"]{font-size:var(--global-kb-font-size-lg, 2rem);}}@media all and (max-width: 767px){.wp-block-kadence-advancedheading.kt-adv-heading140_7277a7-a6, .wp-block-kadence-advancedheading.kt-adv-heading140_7277a7-a6[data-kb-block=\"kb-adv-heading140_7277a7-a6\"]{font-size:var(--global-kb-font-size-lg, 2rem);}}<\/style>\n<span class=\"kt-adv-heading140_7277a7-a6 mw900 wp-block-kadence-advancedheading\" data-kb-block=\"kb-adv-heading140_7277a7-a6\">44bis rue de Berne 25230 Seloncourt<\/span>\n\n\n\n<div class=\"wp-block-columns is-layout-flex wp-container-core-columns-is-layout-9d6595d7 wp-block-columns-is-layout-flex\">\n<div class=\"wp-block-column is-layout-flow wp-block-column-is-layout-flow\">\n<iframe src=\"https:\/\/www.google.com\/maps\/embed?pb=!1m18!1m12!1m3!1d2697.638951866724!2d6.867080712216235!3d47.457976971056354!2m3!1f0!2f0!3f0!3m2!1i1024!2i768!4f13.1!3m3!1m2!1s0x47921a473400dd85%3A0xa1fb38c010ff7f5f!2s44%20bis%20Rue%20de%20Berne%2C%2025230%20Seloncourt!5e0!3m2!1sfr!2sfr!4v1761744017434!5m2!1sfr!2sfr\" width=\"1200\" height=\"450\" style=\"border:0;\" allowfullscreen=\"\" loading=\"lazy\" referrerpolicy=\"no-referrer-when-downgrade\"><\/iframe>\n<\/div>\n<\/div>\n\n\n<style>.wp-block-kadence-advancedbtn.kt-btns140_cca2e2-e2, .site .entry-content .wp-block-kadence-advancedbtn.kt-btns140_cca2e2-e2, .wp-block-kadence-advancedbtn.kb-btns140_cca2e2-e2, .site .entry-content .wp-block-kadence-advancedbtn.kb-btns140_cca2e2-e2{margin-top:var(--global-kb-spacing-lg, 3rem);}.wp-block-kadence-advancedbtn.kb-btns140_cca2e2-e2{gap:var(--global-kb-gap-xs, 0.5rem );justify-content:center;align-items:center;}.kt-btns140_cca2e2-e2 .kt-button{font-weight:normal;font-style:normal;}<\/style>\n<div class=\"wp-block-kadence-advancedbtn kb-buttons-wrap kb-btns140_cca2e2-e2\"><style>ul.menu .wp-block-kadence-advancedbtn .kb-btn140_ea55e6-f6.kb-button{width:initial;}.wp-block-kadence-advancedbtn .kb-btn140_ea55e6-f6.kb-button{color:var(--global-palette2, #2B6CB0);border-top-left-radius:0px;border-top-right-radius:0px;border-bottom-right-radius:0px;border-bottom-left-radius:0px;border-top:2px solid var(--global-palette2, #2B6CB0);border-right:2px solid var(--global-palette2, #2B6CB0);border-bottom:2px solid var(--global-palette2, #2B6CB0);border-left:2px solid var(--global-palette2, #2B6CB0);padding-right:var(--global-kb-spacing-sm, 1.5rem);padding-left:var(--global-kb-spacing-sm, 1.5rem);}.wp-block-kadence-advancedbtn .kb-btn140_ea55e6-f6.kb-button:hover, .wp-block-kadence-advancedbtn .kb-btn140_ea55e6-f6.kb-button:focus{color:var(--global-palette9, #ffffff);background:var(--global-palette1, #3182CE);border-top-color:var(--global-palette1, #3182CE);border-top-style:solid;border-right-color:var(--global-palette1, #3182CE);border-right-style:solid;border-bottom-color:var(--global-palette1, #3182CE);border-bottom-style:solid;border-left-color:var(--global-palette1, #3182CE);border-left-style:solid;}@media all and (max-width: 1024px){.wp-block-kadence-advancedbtn .kb-btn140_ea55e6-f6.kb-button{border-top:2px solid var(--global-palette2, #2B6CB0);border-right:2px solid var(--global-palette2, #2B6CB0);border-bottom:2px solid var(--global-palette2, #2B6CB0);border-left:2px solid var(--global-palette2, #2B6CB0);}}@media all and (max-width: 1024px){.wp-block-kadence-advancedbtn .kb-btn140_ea55e6-f6.kb-button:hover, .wp-block-kadence-advancedbtn .kb-btn140_ea55e6-f6.kb-button:focus{border-top-color:var(--global-palette1, #3182CE);border-top-style:solid;border-right-color:var(--global-palette1, #3182CE);border-right-style:solid;border-bottom-color:var(--global-palette1, #3182CE);border-bottom-style:solid;border-left-color:var(--global-palette1, #3182CE);border-left-style:solid;}}@media all and (max-width: 767px){.wp-block-kadence-advancedbtn .kb-btn140_ea55e6-f6.kb-button{border-top:2px solid var(--global-palette2, #2B6CB0);border-right:2px solid var(--global-palette2, #2B6CB0);border-bottom:2px solid var(--global-palette2, #2B6CB0);border-left:2px solid var(--global-palette2, #2B6CB0);}.wp-block-kadence-advancedbtn .kb-btn140_ea55e6-f6.kb-button:hover, .wp-block-kadence-advancedbtn .kb-btn140_ea55e6-f6.kb-button:focus{border-top-color:var(--global-palette1, #3182CE);border-top-style:solid;border-right-color:var(--global-palette1, #3182CE);border-right-style:solid;border-bottom-color:var(--global-palette1, #3182CE);border-bottom-style:solid;border-left-color:var(--global-palette1, #3182CE);border-left-style:solid;}}<\/style><a class=\"kb-button kt-button button kb-btn140_ea55e6-f6 kt-btn-size-standard kt-btn-width-type-auto kb-btn-global-outline  kt-btn-has-text-true kt-btn-has-svg-false  wp-block-kadence-singlebtn\" href=\"https:\/\/maps.app.goo.gl\/RkpH51DHRmMKtmPb6\" target=\"_blank\" rel=\"noreferrer noopener\"><span class=\"kt-btn-inner-text\">View Map<\/span><\/a><\/div>\n<\/div><\/div>\n\n<\/div><\/div>\n\n\n<hr class=\"wp-block-separator has-alpha-channel-opacity\"\/>\n\n\n<style>.wp-block-kadence-column.kb-section-dir-horizontal > .kt-inside-inner-col > .kt-info-box140_2a578a-63 .kt-blocks-info-box-link-wrap{max-width:unset;}.kt-info-box140_2a578a-63 .kt-blocks-info-box-link-wrap{padding-top:var(--global-kb-spacing-xs, 1rem);padding-right:var(--global-kb-spacing-xs, 1rem);padding-bottom:var(--global-kb-spacing-xs, 1rem);padding-left:var(--global-kb-spacing-xs, 1rem);}.kt-info-box140_2a578a-63 .kadence-info-box-icon-container .kt-info-svg-icon, .kt-info-box140_2a578a-63 .kt-info-svg-icon-flip, .kt-info-box140_2a578a-63 .kt-blocks-info-box-number{font-size:68px;}.kt-info-box140_2a578a-63 .kt-blocks-info-box-media{border-top-width:0px;border-right-width:0px;border-bottom-width:0px;border-left-width:0px;padding-top:10px;padding-right:10px;padding-bottom:10px;padding-left:10px;}.kt-info-box140_2a578a-63 .kt-blocks-info-box-media-container{margin-top:0px;margin-right:15px;margin-bottom:0px;margin-left:15px;}.kt-info-box140_2a578a-63 .kt-blocks-info-box-learnmore{background:transparent;border-width:0px 0px 0px 0px;padding-top:4px;padding-right:8px;padding-bottom:4px;padding-left:8px;margin-top:10px;margin-right:0px;margin-bottom:10px;margin-left:0px;}<\/style>\n<div class=\"wp-block-kadence-infobox kt-info-box140_2a578a-63\"><span class=\"kt-blocks-info-box-link-wrap info-box-link kt-blocks-info-box-media-align-top kt-info-halign-center\"><div class=\"kt-blocks-info-box-media-container\"><div class=\"kt-blocks-info-box-media kt-info-media-animate-none\"><div class=\"kadence-info-box-icon-container kt-info-icon-animate-none\"><div class=\"kadence-info-box-icon-inner-container\"><span class=\"kb-svg-icon-wrap kb-svg-icon-ic_phone kt-info-svg-icon\"><svg viewBox=\"0 0 8 8\"  fill=\"currentColor\" xmlns=\"http:\/\/www.w3.org\/2000\/svg\"  aria-hidden=\"true\"><path d=\"M.19 0c-.11 0-.19.08-.19.19v7.63c0 .11.08.19.19.19h4.63c.11 0 .19-.08.19-.19v-7.63c0-.11-.08-.19-.19-.19h-4.63zm.81 1h3v5h-3v-5zm1.5 5.5c.28 0 .5.22.5.5s-.22.5-.5.5-.5-.22-.5-.5.22-.5.5-.5z\" transform=\"translate(1)\"\/><\/svg><\/span><\/div><\/div><\/div><\/div><div class=\"kt-infobox-textcontent\"><h2 class=\"kt-blocks-info-box-title\">Prendre rendez-vous<\/h2><p class=\"kt-blocks-info-box-text\">T\u00e9l : <strong>07-66-83-58-08<\/strong><\/p><\/div><\/span><\/div>\n\n\n\n<hr class=\"wp-block-separator has-alpha-channel-opacity\"\/>\n\n\n\n<h2 class=\"wp-block-heading has-text-align-center\">Calendrier de r\u00e9servation :<\/h2>\n\n\n\n<p class=\"has-text-align-center\">Prenez rendez-vous directement ici : <\/p>\n\n\n\n<p class=\"has-text-align-center\"><em>Les paiements se font au<\/em> <em>cabinet en ch\u00e8ques ou esp\u00e8ces, merci de votre compr\u00e9hension.<\/em><\/p>\n\n\n\n<script src=\"\/\/widget.simplybook.it\/v2\/widget\/widget.js\" type=\"text\/javascript\"><\/script>\n<script type=\"text\/javascript\">\n    var widget = new SimplybookWidget({\"widget_type\":\"iframe\",\"url\":\"https:\\\/\\\/reboosthuman.simplybook.it\",\"theme\":\"default\",\"theme_settings\":{\"timeline_hide_unavailable\":\"1\",\"hide_past_days\":\"0\",\"timeline_show_end_time\":\"0\",\"timeline_modern_display\":\"as_slots\",\"sb_base_color\":\"#1f3f68\",\"display_item_mode\":\"block\",\"booking_nav_bg_color\":\"#1f3f68\",\"body_bg_color\":\"#f2f2f2\",\"sb_review_image\":\"1\",\"sb_review_image_preview\":\"\\\/uploads\\\/reboosthuman\\\/image_files\\\/preview\\\/62ca4f5619ed3d18600325fe80467ee6.png\",\"dark_font_color\":\"#192331\",\"light_font_color\":\"#f5fcff\",\"btn_color_1\":\"#e45f59\",\"sb_company_label_color\":\"#ffffff\",\"hide_img_mode\":\"1\",\"show_sidebar\":\"1\",\"sb_busy\":\"#c7b3b3\",\"sb_available\":\"#d6ebff\"},\"timeline\":\"modern\",\"datepicker\":\"top_calendar\",\"is_rtl\":false,\"app_config\":{\"clear_session\":0,\"allow_switch_to_ada\":0,\"predefined\":{\"provider\":\"2\"}}});\n<\/script>\n\n\n<style>.kb-row-layout-id140_848b5c-eb > .kt-row-column-wrap{align-content:start;}:where(.kb-row-layout-id140_848b5c-eb > .kt-row-column-wrap) > .wp-block-kadence-column{justify-content:start;}.kb-row-layout-id140_848b5c-eb > .kt-row-column-wrap{column-gap:var(--global-kb-gap-md, 2rem);row-gap:var(--global-kb-gap-md, 2rem);max-width:960px;margin-left:auto;margin-right:auto;padding-top:var(--global-kb-spacing-xl, 4rem);padding-bottom:var(--global-kb-spacing-xl, 4rem);grid-template-columns:minmax(0, 1fr);}.kb-row-layout-id140_848b5c-eb > .kt-row-layout-overlay{opacity:0.30;}@media all and (max-width: 1024px){.kb-row-layout-id140_848b5c-eb > .kt-row-column-wrap{grid-template-columns:minmax(0, 1fr);}}@media all and (max-width: 767px){.kb-row-layout-id140_848b5c-eb > .kt-row-column-wrap{grid-template-columns:minmax(0, 1fr);}}<\/style><div class=\"kb-row-layout-wrap kb-row-layout-id140_848b5c-eb alignfull has-theme-palette7-background-color kt-row-has-bg wp-block-kadence-rowlayout\"><div class=\"kt-row-column-wrap kt-has-1-columns kt-row-layout-equal kt-tab-layout-inherit kt-mobile-layout-row kt-row-valign-top\">\n<style>.kadence-column140_a9bd3e-2c > .kt-inside-inner-col,.kadence-column140_a9bd3e-2c > .kt-inside-inner-col:before{border-top-left-radius:0px;border-top-right-radius:0px;border-bottom-right-radius:0px;border-bottom-left-radius:0px;}.kadence-column140_a9bd3e-2c > .kt-inside-inner-col{column-gap:var(--global-kb-gap-sm, 1rem);}.kadence-column140_a9bd3e-2c > .kt-inside-inner-col{flex-direction:column;}.kadence-column140_a9bd3e-2c > .kt-inside-inner-col > .aligncenter{width:100%;}.kadence-column140_a9bd3e-2c > .kt-inside-inner-col:before{opacity:0.3;}.kadence-column140_a9bd3e-2c{position:relative;}@media all and (max-width: 1024px){.kadence-column140_a9bd3e-2c > .kt-inside-inner-col{flex-direction:column;justify-content:center;}}@media all and (max-width: 767px){.kadence-column140_a9bd3e-2c > .kt-inside-inner-col{flex-direction:column;justify-content:center;}}<\/style>\n<div class=\"wp-block-kadence-column kadence-column140_a9bd3e-2c\"><div class=\"kt-inside-inner-col\"><style>.wp-block-kadence-advancedheading.kt-adv-heading140_4050c3-7f, .wp-block-kadence-advancedheading.kt-adv-heading140_4050c3-7f[data-kb-block=\"kb-adv-heading140_4050c3-7f\"]{max-width:70%;margin-right:auto;margin-left:auto;margin-bottom:var(--global-kb-spacing-xl, 4rem);text-align:center;font-size:40px;line-height:1.4;font-style:normal;}.wp-block-kadence-advancedheading.kt-adv-heading140_4050c3-7f mark.kt-highlight, .wp-block-kadence-advancedheading.kt-adv-heading140_4050c3-7f[data-kb-block=\"kb-adv-heading140_4050c3-7f\"] mark.kt-highlight{font-style:normal;color:#f76a0c;-webkit-box-decoration-break:clone;box-decoration-break:clone;padding-top:0px;padding-right:0px;padding-bottom:0px;padding-left:0px;}.wp-block-kadence-advancedheading.kt-adv-heading140_4050c3-7f img.kb-inline-image, .wp-block-kadence-advancedheading.kt-adv-heading140_4050c3-7f[data-kb-block=\"kb-adv-heading140_4050c3-7f\"] img.kb-inline-image{width:150px;vertical-align:baseline;}@media all and (max-width: 1024px){.wp-block-kadence-advancedheading.kt-adv-heading140_4050c3-7f, .wp-block-kadence-advancedheading.kt-adv-heading140_4050c3-7f[data-kb-block=\"kb-adv-heading140_4050c3-7f\"]{max-width:80%;font-size:36px;}}@media all and (max-width: 767px){.wp-block-kadence-advancedheading.kt-adv-heading140_4050c3-7f, .wp-block-kadence-advancedheading.kt-adv-heading140_4050c3-7f[data-kb-block=\"kb-adv-heading140_4050c3-7f\"]{max-width:100%;font-size:28px;}}<\/style>\n<h2 class=\"kt-adv-heading140_4050c3-7f mw900 wp-block-kadence-advancedheading has-theme-palette-3-color has-text-color\" data-kb-block=\"kb-adv-heading140_4050c3-7f\">Une question ?<\/h2>\n\n\n\n<div class=\"wp-block-columns is-layout-flex wp-container-core-columns-is-layout-9d6595d7 wp-block-columns-is-layout-flex\">\n<div class=\"wp-block-column is-layout-flow wp-block-column-is-layout-flow\" style=\"flex-basis:100%\"><style>.kb-form input.kadence-blocks-field.verify{opacity:0.0;position:absolute;top:0.0;left:0.0;width:0.0;height:0.0;z-index:-1;}<\/style>\n<div class=\"wp-block-kadence-form kadence-form-140_a0318b-a6 kb-form-wrap\"><form class=\"kb-form\" action=\"\" method=\"post\"><div class=\"kadence-blocks-form-field kb-field-desk-width-100 kb-input-size-standard\"><label for=\"kb_field_140_a0318b-a6_0\">Name<\/label><input name=\"kb_field_0\" id=\"kb_field_140_a0318b-a6_0\" data-label=\"Name\" type=\"text\" placeholder=\"\" value=\"\" data-type=\"text\" class=\"kb-field kb-text-style-field kb-text-field kb-field-0\"\/><\/div><div class=\"kadence-blocks-form-field kb-form-field-1 kb-field-desk-width-100 kb-input-size-standard\"><label for=\"kb_field_140_a0318b-a6_1\">Email<span class=\"required\">*<\/span><\/label><input name=\"kb_field_1\" id=\"kb_field_140_a0318b-a6_1\" data-label=\"Email\" type=\"email\" placeholder=\"\" value=\"\" data-type=\"email\" class=\"kb-field kb-text-style-field kb-email-field kb-field-1\" data-required=\"yes\"\/><\/div><div class=\"kadence-blocks-form-field kb-form-field-2 kb-field-desk-width-100 kb-input-size-standard\"><label for=\"kb_field_140_a0318b-a6_2\">Message<span class=\"required\">*<\/span><\/label><textarea name=\"kb_field_2\" id=\"kb_field_140_a0318b-a6_2\" data-label=\"Message\" type=\"textarea\" placeholder=\"\" data-type=\"textarea\" class=\"kb-field kb-text-style-field kb-textarea-field kb-field-2\" rows=\"4\" data-required=\"yes\"><\/textarea><\/div><input type=\"hidden\" name=\"_kb_form_id\" value=\"140_a0318b-a6\"\/><input type=\"hidden\" name=\"_kb_form_post_id\" value=\"140\"\/><input type=\"hidden\" name=\"action\" value=\"kb_process_ajax_submit\"\/><div class=\"kadence-blocks-form-field google-recaptcha-checkout-wrap\"><p id=\"kb-container-g-recaptcha\" class=\"google-recaptcha-container\"><span id=\"kb_recaptcha_140_a0318b-a6\" class=\"kadence-blocks-g-recaptcha-v2 g-recaptcha kb_recaptcha_140_a0318b-a6\" style=\"display:inline-block\"><\/span><\/p><\/div><label class=\"kadence-verify-label\">Email<input class=\"kadence-blocks-field verify\" type=\"text\" name=\"_kb_verify_email\" autocomplete=\"new-password\" aria-hidden=\"true\" placeholder=\"Email\" tabindex=\"-1\" data-1p-ignore=\"true\" data-lpignore=\"true\" \/><\/label><div class=\"kadence-blocks-form-field kb-submit-field kb-field-desk-width-100\"><button class=\"kb-forms-submit button kb-button-size-standard kb-button-width-auto\">Submit<\/button><\/div><\/form><\/div>\n<noscript><div class=\"kadence-blocks-form-message kadence-blocks-form-warning\">Veuillez activer JavaScript dans votre navigateur pour envoyer le formulaire.<\/div><style>.kadence-form-140_a0318b-a6 .kadence-blocks-form-field.kb-submit-field { display: none; }<\/style><\/noscript><\/div>\n<\/div>\n<\/div><\/div>\n\n<\/div><\/div>\n\n\n<p><\/p>\n","protected":false},"excerpt":{"rendered":"<p>Reboost Human hypnose et bien-\u00eatre Une pr\u00e9sence en cabinet \u00e0 Seloncourt &#8211; Secteur Montb\u00e9liard et en ligne. 44bis rue de Berne 25230 Seloncourt Calendrier de r\u00e9servation : Prenez rendez-vous directement&#8230;<\/p>\n","protected":false},"author":1,"featured_media":0,"parent":0,"menu_order":0,"comment_status":"closed","ping_status":"closed","template":"","meta":{"advanced_seo_description":"","jetpack_seo_html_title":"","jetpack_seo_noindex":false,"_kadence_starter_templates_imported_post":true,"_kad_post_transparent":"","_kad_post_title":"hide","_kad_post_layout":"fullwidth","_kad_post_sidebar_id":"","_kad_post_content_style":"unboxed","_kad_post_vertical_padding":"hide","_kad_post_feature":"hide","_kad_post_feature_position":"","_kad_post_header":false,"_kad_post_footer":false,"footnotes":""},"class_list":["post-140","page","type-page","status-publish","hentry"],"jetpack_sharing_enabled":true,"_links":{"self":[{"href":"https:\/\/reboosthuman.fr\/index.php\/wp-json\/wp\/v2\/pages\/140","targetHints":{"allow":["GET"]}}],"collection":[{"href":"https:\/\/reboosthuman.fr\/index.php\/wp-json\/wp\/v2\/pages"}],"about":[{"href":"https:\/\/reboosthuman.fr\/index.php\/wp-json\/wp\/v2\/types\/page"}],"author":[{"embeddable":true,"href":"https:\/\/reboosthuman.fr\/index.php\/wp-json\/wp\/v2\/users\/1"}],"replies":[{"embeddable":true,"href":"https:\/\/reboosthuman.fr\/index.php\/wp-json\/wp\/v2\/comments?post=140"}],"version-history":[{"count":18,"href":"https:\/\/reboosthuman.fr\/index.php\/wp-json\/wp\/v2\/pages\/140\/revisions"}],"predecessor-version":[{"id":299,"href":"https:\/\/reboosthuman.fr\/index.php\/wp-json\/wp\/v2\/pages\/140\/revisions\/299"}],"wp:attachment":[{"href":"https:\/\/reboosthuman.fr\/index.php\/wp-json\/wp\/v2\/media?parent=140"}],"curies":[{"name":"wp","href":"https:\/\/api.w.org\/{rel}","templated":true}]}}